{"id":1988,"date":"2021-07-30T11:36:34","date_gmt":"2021-07-30T09:36:34","guid":{"rendered":"http:\/\/www.sabineschuster.com\/?page_id=1988"},"modified":"2024-01-11T15:31:17","modified_gmt":"2024-01-11T14:31:17","slug":"sf-galerie","status":"publish","type":"page","link":"http:\/\/www.sabineschuster.com\/?page_id=1988","title":{"rendered":"SF Galerie"},"content":{"rendered":"\n<p><\/p>\n\n\n\n<figure class=\"wp-block-gallery columns-1 is-cropped wp-block-gallery-1 is-layout-flex wp-block-gallery-is-layout-flex\"><ul class=\"blocks-gallery-grid\"><li class=\"blocks-gallery-item\"><figure><img loading=\"lazy\" decoding=\"async\" width=\"1057\" height=\"1024\" src=\"http:\/\/www.sabineschuster.com\/wp-content\/uploads\/2021\/07\/IMG_9872-1057x1024.jpg\" alt=\"\" data-id=\"1989\" data-full-url=\"http:\/\/www.sabineschuster.com\/wp-content\/uploads\/2021\/07\/IMG_9872.jpg\" data-link=\"http:\/\/www.sabineschuster.com\/?attachment_id=1989\" class=\"wp-image-1989\" srcset=\"http:\/\/www.sabineschuster.com\/wp-content\/uploads\/2021\/07\/IMG_9872-1057x1024.jpg 1057w, http:\/\/www.sabineschuster.com\/wp-content\/uploads\/2021\/07\/IMG_9872-500x484.jpg 500w, http:\/\/www.sabineschuster.com\/wp-content\/uploads\/2021\/07\/IMG_9872-768x744.jpg 768w, http:\/\/www.sabineschuster.com\/wp-content\/uploads\/2021\/07\/IMG_9872.jpg 1440w\" sizes=\"auto, (max-width: 1057px) 100vw, 1057px\" \/><\/figure><\/li><\/ul><\/figure>\n\n\n\n<p>Seit Kurzem nutze ich das meinem Ladenatelier zugeh\u00f6rige Schaufenster, um Eigenes und Kunst von Gastk\u00fcnstlerInnen in losem Wechsel zu zeigen. Der Schwerpunkt liegt hierbei auf abstrakter und installativer zeitgen\u00f6ssischer Kunst. Die Galerie hat 24h &#8222;ge\u00f6ffnet&#8220; und ist zu finden im Hummelsteiner Weg 78 in 90459 N\u00fcrnberg. <br><br>Hier geht&#8217;s zum Instagram-Profil:<\/p>\n\n\n\n<p><br><a href=\"https:\/\/www.instagram.com\/sf__galerie\/\">SF Galerie \/\/ Atelier Sabine Schuster<\/a><\/p>\n","protected":false},"excerpt":{"rendered":"<p>Seit Kurzem nutze ich das meinem Ladenatelier zugeh\u00f6rige Schaufenster, um Eigenes und Kunst von Gastk\u00fcnstlerInnen in losem Wechsel zu zeigen. Der Schwerpunkt liegt hierbei auf abstrakter und installativer zeitgen\u00f6ssischer Kunst. Die Galerie hat 24h &#8222;ge\u00f6ffnet&#8220; und ist zu finden im Hummelsteiner Weg 78 in 90459 N\u00fcrnberg. Hier geht&#8217;s zum Instagram-Profil: SF Galerie \/\/ Atelier Sabine [&hellip;]<\/p>\n","protected":false},"author":1,"featured_media":0,"parent":0,"menu_order":3,"comment_status":"closed","ping_status":"closed","template":"","meta":{"footnotes":""},"class_list":["post-1988","page","type-page","status-publish","hentry"],"_links":{"self":[{"href":"http:\/\/www.sabineschuster.com\/index.php?rest_route=\/wp\/v2\/pages\/1988","targetHints":{"allow":["GET"]}}],"collection":[{"href":"http:\/\/www.sabineschuster.com\/index.php?rest_route=\/wp\/v2\/pages"}],"about":[{"href":"http:\/\/www.sabineschuster.com\/index.php?rest_route=\/wp\/v2\/types\/page"}],"author":[{"embeddable":true,"href":"http:\/\/www.sabineschuster.com\/index.php?rest_route=\/wp\/v2\/users\/1"}],"replies":[{"embeddable":true,"href":"http:\/\/www.sabineschuster.com\/index.php?rest_route=%2Fwp%2Fv2%2Fcomments&post=1988"}],"version-history":[{"count":4,"href":"http:\/\/www.sabineschuster.com\/index.php?rest_route=\/wp\/v2\/pages\/1988\/revisions"}],"predecessor-version":[{"id":1993,"href":"http:\/\/www.sabineschuster.com\/index.php?rest_route=\/wp\/v2\/pages\/1988\/revisions\/1993"}],"wp:attachment":[{"href":"http:\/\/www.sabineschuster.com\/index.php?rest_route=%2Fwp%2Fv2%2Fmedia&parent=1988"}],"curies":[{"name":"wp","href":"https:\/\/api.w.org\/{rel}","templated":true}]}}